{"id":562,"date":"2025-06-12T00:16:48","date_gmt":"2025-06-11T22:16:48","guid":{"rendered":"http:\/\/hrbridge.eu\/?page_id=562"},"modified":"2025-06-12T00:32:19","modified_gmt":"2025-06-11T22:32:19","slug":"for-hr-agencies","status":"publish","type":"page","link":"https:\/\/hrbridge.eu\/pl\/for-hr-agencies\/","title":{"rendered":"For HR Agencies"},"content":{"rendered":"<div data-elementor-type=\"wp-page\" data-elementor-id=\"562\" class=\"elementor elementor-562\" data-elementor-post-type=\"page\">\n\t\t\t\t<div class=\"elementor-element elementor-element-87a8830 e-flex e-con-boxed e-con e-parent\" data-id=\"87a8830\" data-element_type=\"container\" data-settings=\"{&quot;background_background&quot;:&quot;classic&quot;}\">\n\t\t\t\t\t<div class=\"e-con-inner\">\n\t\t\t\t<div class=\"elementor-element elementor-element-747ae4a elementor-widget__width-initial elementor-invisible elementor-widget elementor-widget-heading\" data-id=\"747ae4a\" data-element_type=\"widget\" data-settings=\"{&quot;_animation&quot;:&quot;fadeIn&quot;}\" data-widget_type=\"heading.default\">\n\t\t\t\t<div class=\"elementor-widget-container\">\n\t\t\t\t\t<h1 class=\"elementor-heading-title elementor-size-default\"><span style=\"color:#303031\"> We invite <\/span>recruiting companies <span style=\"color:#303031\">to cooperate<\/span><\/h1>\t\t\t\t<\/div>\n\t\t\t\t<\/div>\n\t\t\t\t\t<\/div>\n\t\t\t\t<\/div>\n\t\t<div class=\"elementor-element elementor-element-0cb2675 e-flex e-con-boxed e-con e-parent\" data-id=\"0cb2675\" data-element_type=\"container\">\n\t\t\t\t\t<div class=\"e-con-inner\">\n\t\t<div class=\"elementor-element elementor-element-83023d7 e-con-full e-flex e-con e-child\" data-id=\"83023d7\" data-element_type=\"container\">\n\t\t<div class=\"elementor-element elementor-element-7b69368 e-con-full e-flex elementor-invisible e-con e-child\" data-id=\"7b69368\" data-element_type=\"container\" data-settings=\"{&quot;background_background&quot;:&quot;classic&quot;,&quot;animation&quot;:&quot;fadeInLeft&quot;,&quot;animation_mobile&quot;:&quot;fadeInUp&quot;,&quot;animation_delay&quot;:200}\">\n\t\t\t\t<div class=\"elementor-element elementor-element-8c54a67 elementor-widget elementor-widget-text-editor\" data-id=\"8c54a67\" data-element_type=\"widget\" data-widget_type=\"text-editor.default\">\n\t\t\t\t<div class=\"elementor-widget-container\">\n\t\t\t\t\t\t\t\t\t<p>Our company has offices in Dubai, Doha, Manila and Kathmandu. Due to these opportunities, we are open to cooperating with other recruiting companies and supplying candidates from our side to other agencies in Europe as well.<\/p>\t\t\t\t\t\t\t\t<\/div>\n\t\t\t\t<\/div>\n\t\t\t\t<\/div>\n\t\t\t\t<\/div>\n\t\t<div class=\"elementor-element elementor-element-4627daa e-con-full e-flex e-con e-child\" data-id=\"4627daa\" data-element_type=\"container\">\n\t\t<div class=\"elementor-element elementor-element-356a261 e-con-full e-flex elementor-invisible e-con e-child\" data-id=\"356a261\" data-element_type=\"container\" data-settings=\"{&quot;background_background&quot;:&quot;classic&quot;,&quot;animation&quot;:&quot;fadeInRight&quot;,&quot;animation_mobile&quot;:&quot;fadeInUp&quot;,&quot;animation_delay&quot;:200}\">\n\t\t\t\t<div class=\"elementor-element elementor-element-d9f4596 elementor-widget elementor-widget-image\" data-id=\"d9f4596\" data-element_type=\"widget\" data-widget_type=\"image.default\">\n\t\t\t\t<div class=\"elementor-widget-container\">\n\t\t\t\t\t\t\t\t\t\t\t\t\t\t\t<img fetchpriority=\"high\" decoding=\"async\" width=\"800\" height=\"387\" src=\"https:\/\/hrbridge.eu\/wp-content\/uploads\/2025\/06\/for-companies-1.jpg\" class=\"attachment-full size-full wp-image-564\" alt=\"\" srcset=\"https:\/\/hrbridge.eu\/wp-content\/uploads\/2025\/06\/for-companies-1.jpg 800w, https:\/\/hrbridge.eu\/wp-content\/uploads\/2025\/06\/for-companies-1-300x145.jpg 300w, https:\/\/hrbridge.eu\/wp-content\/uploads\/2025\/06\/for-companies-1-768x372.jpg 768w\" sizes=\"(max-width: 800px) 100vw, 800px\" \/>\t\t\t\t\t\t\t\t\t\t\t\t\t\t\t<\/div>\n\t\t\t\t<\/div>\n\t\t\t\t<\/div>\n\t\t\t\t<\/div>\n\t\t<div class=\"elementor-element elementor-element-73165ab e-con-full e-flex e-con e-child\" data-id=\"73165ab\" data-element_type=\"container\">\n\t\t<div class=\"elementor-element elementor-element-55e042b e-con-full e-flex elementor-invisible e-con e-child\" data-id=\"55e042b\" data-element_type=\"container\" data-settings=\"{&quot;background_background&quot;:&quot;classic&quot;,&quot;animation&quot;:&quot;fadeInLeft&quot;,&quot;animation_mobile&quot;:&quot;fadeInUp&quot;}\">\n\t\t\t\t<div class=\"elementor-element elementor-element-ba6896d elementor-widget elementor-widget-text-editor\" data-id=\"ba6896d\" data-element_type=\"widget\" data-widget_type=\"text-editor.default\">\n\t\t\t\t<div class=\"elementor-widget-container\">\n\t\t\t\t\t\t\t\t\t<p>We are looking for partners from most European countries for the potential employment of our candidates for your clients in Europe.<\/p>\t\t\t\t\t\t\t\t<\/div>\n\t\t\t\t<\/div>\n\t\t\t\t<\/div>\n\t\t<div class=\"elementor-element elementor-element-49d8859 e-con-full e-flex elementor-invisible e-con e-child\" data-id=\"49d8859\" data-element_type=\"container\" data-settings=\"{&quot;background_background&quot;:&quot;classic&quot;,&quot;animation&quot;:&quot;fadeInLeft&quot;,&quot;animation_mobile&quot;:&quot;fadeInUp&quot;,&quot;animation_delay&quot;:200}\">\n\t\t\t\t<div class=\"elementor-element elementor-element-25127e9 elementor-widget elementor-widget-text-editor\" data-id=\"25127e9\" data-element_type=\"widget\" data-widget_type=\"text-editor.default\">\n\t\t\t\t<div class=\"elementor-widget-container\">\n\t\t\t\t\t\t\t\t\t<p>We are interested in partners from Poland, Italy, Romania, Greece, Bulgaria, Hungary, Portugal, the Czech Republic, Serbia, Lithuania, Latvia, Croatia, Bosnia, Slovakia, Estonia, Albania, Macedonia, Slovenia, Montenegro, Cyprus and Malta.<\/p>\t\t\t\t\t\t\t\t<\/div>\n\t\t\t\t<\/div>\n\t\t\t\t<\/div>\n\t\t<div class=\"elementor-element elementor-element-b918fe1 e-con-full e-flex elementor-invisible e-con e-child\" data-id=\"b918fe1\" data-element_type=\"container\" data-settings=\"{&quot;background_background&quot;:&quot;classic&quot;,&quot;animation&quot;:&quot;fadeInLeft&quot;,&quot;animation_mobile&quot;:&quot;fadeInUp&quot;,&quot;animation_delay&quot;:400}\">\n\t\t\t\t<div class=\"elementor-element elementor-element-0d48d04 elementor-widget elementor-widget-text-editor\" data-id=\"0d48d04\" data-element_type=\"widget\" data-widget_type=\"text-editor.default\">\n\t\t\t\t<div class=\"elementor-widget-container\">\n\t\t\t\t\t\t\t\t\t<p>Our candidates can work in the fields of construction, production (warehouses, factories, and manufacturing plants), agriculture, hotel and restaurant business, cleaning and other business areas.<\/p>\t\t\t\t\t\t\t\t<\/div>\n\t\t\t\t<\/div>\n\t\t\t\t<\/div>\n\t\t\t\t<\/div>\n\t\t<div class=\"elementor-element elementor-element-7f7d03d e-con-full e-flex e-con e-child\" data-id=\"7f7d03d\" data-element_type=\"container\">\n\t\t<div class=\"elementor-element elementor-element-207b6b8 e-con-full e-flex elementor-invisible e-con e-child\" data-id=\"207b6b8\" data-element_type=\"container\" data-settings=\"{&quot;background_background&quot;:&quot;classic&quot;,&quot;animation&quot;:&quot;fadeInLeft&quot;,&quot;animation_mobile&quot;:&quot;fadeInUp&quot;,&quot;animation_delay&quot;:0}\">\n\t\t\t\t<div class=\"elementor-element elementor-element-38a438c elementor-widget elementor-widget-image\" data-id=\"38a438c\" data-element_type=\"widget\" data-widget_type=\"image.default\">\n\t\t\t\t<div class=\"elementor-widget-container\">\n\t\t\t\t\t\t\t\t\t\t\t\t\t\t\t<img decoding=\"async\" width=\"800\" height=\"612\" src=\"https:\/\/hrbridge.eu\/wp-content\/uploads\/2025\/06\/about-us-3.jpg\" class=\"attachment-full size-full wp-image-514\" alt=\"\" srcset=\"https:\/\/hrbridge.eu\/wp-content\/uploads\/2025\/06\/about-us-3.jpg 800w, https:\/\/hrbridge.eu\/wp-content\/uploads\/2025\/06\/about-us-3-300x230.jpg 300w, https:\/\/hrbridge.eu\/wp-content\/uploads\/2025\/06\/about-us-3-768x588.jpg 768w\" sizes=\"(max-width: 800px) 100vw, 800px\" \/>\t\t\t\t\t\t\t\t\t\t\t\t\t\t\t<\/div>\n\t\t\t\t<\/div>\n\t\t\t\t<\/div>\n\t\t\t\t<\/div>\n\t\t<div class=\"elementor-element elementor-element-7bb84fd e-con-full e-flex e-con e-child\" data-id=\"7bb84fd\" data-element_type=\"container\">\n\t\t<div class=\"elementor-element elementor-element-e96f4f9 e-con-full e-flex elementor-invisible e-con e-child\" data-id=\"e96f4f9\" data-element_type=\"container\" data-settings=\"{&quot;background_background&quot;:&quot;classic&quot;,&quot;animation&quot;:&quot;fadeInRight&quot;,&quot;animation_mobile&quot;:&quot;fadeInUp&quot;,&quot;animation_delay&quot;:200}\">\n\t\t\t\t<div class=\"elementor-element elementor-element-7027452 elementor-widget elementor-widget-text-editor\" data-id=\"7027452\" data-element_type=\"widget\" data-widget_type=\"text-editor.default\">\n\t\t\t\t<div class=\"elementor-widget-container\">\n\t\t\t\t\t\t\t\t\t<p>Nasz\u0105 podstawow\u0105 misj\u0105 jest zbli\u017cenie obu stron w procesie rekrutacji. Dzia\u0142amy jako mediator, dzi\u0119ki kt\u00f3remu kandydaci znajduj\u0105 nowy dom i maj\u0105 szans\u0119 wyemigrowa\u0107 do kraju o wy\u017cszym poziomie \u017cycia, a pracodawca w 3 prostych krokach ca\u0142kowicie zamyka swoje zapotrzebowanie na pracownik\u00f3w. Budujemy d\u0142ugotrwa\u0142e relacje z obiema stronami. 95% pracodawc\u00f3w, kt\u00f3rzy skorzystali z naszych us\u0142ug, kontaktuje si\u0119 z nami ponownie, gdy poszukuje nowych pracownik\u00f3w. Wi\u0119kszo\u015b\u0107 pracownik\u00f3w pozostaje na swoich stanowiskach pracy przez d\u0142ugi czas.<\/p>\t\t\t\t\t\t\t\t<\/div>\n\t\t\t\t<\/div>\n\t\t\t\t<\/div>\n\t\t\t\t<\/div>\n\t\t<div class=\"elementor-element elementor-element-549c342 e-con-full e-flex e-con e-child\" data-id=\"549c342\" data-element_type=\"container\">\n\t\t<div class=\"elementor-element elementor-element-a9d3a2c e-con-full e-flex elementor-invisible e-con e-child\" data-id=\"a9d3a2c\" data-element_type=\"container\" data-settings=\"{&quot;background_background&quot;:&quot;classic&quot;,&quot;animation&quot;:&quot;fadeInLeft&quot;,&quot;animation_mobile&quot;:&quot;fadeInUp&quot;}\">\n\t\t\t\t<div class=\"elementor-element elementor-element-91fad4d elementor-widget__width-initial elementor-widget elementor-widget-text-editor\" data-id=\"91fad4d\" data-element_type=\"widget\" data-widget_type=\"text-editor.default\">\n\t\t\t\t<div class=\"elementor-widget-container\">\n\t\t\t\t\t\t\t\t\t<p>We offer flexible and mutually beneficial terms of cooperation. Our candidates will be able to find jobs in Europe, and you will be able to close most of the staffing requests for your own clients. We look forward to hearing from you for future discussions.<\/p>\t\t\t\t\t\t\t\t<\/div>\n\t\t\t\t<\/div>\n\t\t\t\t<\/div>\n\t\t\t\t<\/div>\n\t\t\t\t\t<\/div>\n\t\t\t\t<\/div>\n\t\t\t\t<\/div>","protected":false},"excerpt":{"rendered":"<p>We invite recruiting companies to cooperate Our company has offices in Dubai, Doha, Manila and Kathmandu. Due to these opportunities, we are open to cooperating with other recruiting companies and supplying candidates from our side to other agencies in Europe as well. We are looking for partners from most European countries for the potential employment [&hellip;]<\/p>","protected":false},"author":1,"featured_media":0,"parent":0,"menu_order":0,"comment_status":"closed","ping_status":"closed","template":"","meta":{"_acf_changed":false,"inline_featured_image":false,"footnotes":""},"class_list":["post-562","page","type-page","status-publish","hentry"],"acf":[],"_links":{"self":[{"href":"https:\/\/hrbridge.eu\/pl\/wp-json\/wp\/v2\/pages\/562","targetHints":{"allow":["GET"]}}],"collection":[{"href":"https:\/\/hrbridge.eu\/pl\/wp-json\/wp\/v2\/pages"}],"about":[{"href":"https:\/\/hrbridge.eu\/pl\/wp-json\/wp\/v2\/types\/page"}],"author":[{"embeddable":true,"href":"https:\/\/hrbridge.eu\/pl\/wp-json\/wp\/v2\/users\/1"}],"replies":[{"embeddable":true,"href":"https:\/\/hrbridge.eu\/pl\/wp-json\/wp\/v2\/comments?post=562"}],"version-history":[{"count":13,"href":"https:\/\/hrbridge.eu\/pl\/wp-json\/wp\/v2\/pages\/562\/revisions"}],"predecessor-version":[{"id":577,"href":"https:\/\/hrbridge.eu\/pl\/wp-json\/wp\/v2\/pages\/562\/revisions\/577"}],"wp:attachment":[{"href":"https:\/\/hrbridge.eu\/pl\/wp-json\/wp\/v2\/media?parent=562"}],"curies":[{"name":"wp","href":"https:\/\/api.w.org\/{rel}","templated":true}]}}